{"id":565,"date":"2018-05-11T16:14:58","date_gmt":"2018-05-11T15:14:58","guid":{"rendered":"http:\/\/valenshome.com\/?page_id=565"},"modified":"2018-05-11T16:16:25","modified_gmt":"2018-05-11T15:16:25","slug":"565-2","status":"publish","type":"page","link":"https:\/\/valenshome.com\/?page_id=565","title":{"rendered":"Aviso Legal \u2013 LSSI"},"content":{"rendered":"<h6>\n<div class=\"gtranslate_wrapper\" id=\"gt-wrapper-63178892\"><\/div>\n<\/h6>\n<h1 class=\"main-title\">Aviso Legal \u2013 LSSI<\/h1>\n<p>valenshome.com es\u00a0propiedad de:<\/p>\n<p>Jomexa Balear Sl<br \/>\nResidente en Felanitx \u2013 07200 \u2013 Mallorca \u2013 Islas Baleares \u2013 Espa\u00f1a<br \/>\nCIF:\u00a0B57239386<\/p>\n<p>Tel. 971582713<br \/>\neMail contacto: info@efluxalia.es<\/p>\n<p>Informaci\u00f3n Registro: Jomexa Balear Sl \u2013 Inscrita en el registro Mercantil de Mallorca, al tomo 2020, folio 146, hoja PM-45.417, inscripcion 1\u00aa<\/p>\n<p>La p\u00e1gina web www.valenshome.com, as\u00ed como todos sus sub-dominios, son gestionados publicitariamente y ofreciendo sus servicios por JOmexa Balear SL a la entidad\u00a0 Valens Home C.B. en calidad de empresa de servicios.<\/p>\n<p>CONDICIONES DEL SERVICIO<\/p>\n<p>0. El usuario \u00f3 visitante de la p\u00e1gina web https:\/\/valenshome.com tienen la obligaci\u00f3n de leer las condiciones de prestaci\u00f3n del servicio que se detallan en este texto, de manera que asume estas como validas en la prestaci\u00f3n del servicio.<\/p>\n<p>1. Objetivos de la p\u00e1gina\u00a0 www.valenshome.com : La p\u00e1gina web esta dedicada a\u00a0 la promoci\u00f3n y alquiler de la estancia tur\u00edstica SES SIVINES, situada en C\/Churruca n 7 de Portocolom en el termino municipal de Felanitx, con numero de licencia de estancias tur\u00edsticas ET\/3549 otorgada por la Conselleria d&#8217;Innovacio, Recerca i Turisme &#8211; Direccio General de Turisme &#8211; Govern de les Illes Balears<\/p>\n<p>2. Condiciones de uso del contenido y servicios prestados en esta p\u00e1gina web:<\/p>\n<p>2.1.- No est\u00e1 permitida la reproducci\u00f3n de los contenidos (de cualquier tipo) publicados en https:\/\/valenshome.com sin el consentimiento expreso del autor de dicha web. En este caso hablamos de textos, gr\u00e1ficos, c\u00f3digo fuente, y cualquier otro contenido que sea servido desde esta p\u00e1gina web.<\/p>\n<p>2.2.- En esta p\u00e1gina web pueden existir contenidos de terceros. En cualquiera de los casos, y como es intenci\u00f3n siempre el respetar los derechos de autor y las leyes del copyright, si hubiera cualquier m\u00ednimo problema respecto a cualquier material publicado en esta web, se ruega que se pongan en contacto a trav\u00e9s del email: info@efluxalia.es \u00a0y el contenido ser\u00e1 retirado (tras ser comprobado) con la m\u00e1xima celeridad posible, ya que es intenci\u00f3n primera el respeto por los derechos de autor y el trabajo ajeno.<\/p>\n<p>2.3.- El autor de esta web no se hace responsable del mal uso que se haga del contenido expuesto en esta p\u00e1gina web (https:\/\/valenshome.com ).<\/p>\n<p>2.4.- La p\u00e1gina web https:\/\/valenshome.com es financiada y explotada econ\u00f3micamente por\u00a0 la realizada por Valens Home C.B. , no existiendo ning\u00fan otro tipo de explotaci\u00f3n econ\u00f3mica.<\/p>\n<p>2.5.- En esta p\u00e1gina web (https:\/\/valenshome.com ) no se recoge ning\u00fan tipo de informaci\u00f3n privada del visitante, salvo la que se solicita expresamente y\u00a0 de forma privada a los hu\u00e9spedes y que son por requisito legal. (ver Pol\u00edtica de privacidad). \u00danicamente se recogen datos, puntualmente, para hacer uso de las llamadas \u201ccookies\u201d para el buen funcionamiento del sistema.<\/p>\n<p>2.6.- El autor de https:\/\/valenshome.com no se hace responsable del mal funcionamiento del sistema o servicio prestado en esta p\u00e1gina web, aunque siempre se pretende y trabaja para ofrecer el mejor servicio.<\/p>\n<p>2.7.- El autor de la p\u00e1gina web https:\/\/valenshome.com\u00a0 utiliza la misma como soporte publicitario y no se hace responsable del mal servicio o problemas surgidos por los servicios anunciados, de forma que la publicidad y los servicios posteriores que esta remita son responsabilidad \u00fanica del anunciante.<\/p>\n<p>2.8.- En esta p\u00e1gina web (https:\/\/valenshome.com ) NO existen contenidos ilegales (pornograf\u00eda infantil, apolog\u00eda del terrorismo, o cualquier otro tipo de contenido ilegal).<\/p>\n<p>En caso de que esta p\u00e1gina (https:\/\/valenshome.com ) contenga foros:<\/p>\n<p>3. Condiciones de uso del contenido y servicios prestados en los foros de http:\/www.valenshome.com<\/p>\n<p>3.1.- El uso de estos foros est\u00e1 reservado \u00fanicamente como \u201ctabl\u00f3n de mensajes\u201d entre hu\u00e9spedes e interesados en alquilar la propiedad Ses Sivines . No est\u00e1 permitido hacer uso del foro de https:\/\/valenshome.com para realizar spam, publicidad off-topic, captar direcciones de e-mail o cualquier tipo de acci\u00f3n ilegal.<\/p>\n<p>3.2.- https:\/\/valenshome.com no es responsable de las opiniones vertidas en estos foros, y es responsabilidad total de los autores de las mismas.<\/p>\n<p>3.3.- https:\/\/valenshome.com se reserva el derecho de anular, cancelar, borrar o denegar el acceso a alg\u00fan usuario que incumpla cualquier regla legal y\/o moral.<\/p>\n<p>3.4.- https:\/\/valenshome.com no almacena (ni comercializa con) ning\u00fan tipo de dato vertido en estos foros con car\u00e1cter comercial o similar. Los mensajes y todos los datos son almacenados tal cual para el \u00fanico servicio al que est\u00e1 destinado el foro, que es el de informar y servir de contacto entre los diferentes interesados y\/o hu\u00e9spedes.<\/p>\n<p>3.5.- Est\u00e1 prohibida la reproducci\u00f3n de los contenidos del foro de https:\/\/valenshome.com sin previa autorizaci\u00f3n.<\/p>\n<p>3.6.- Para cualquier problema al respecto, deben ponerse en contacto con la direcci\u00f3n de e-mail info@efluxalia.es<\/p>\n","protected":false},"excerpt":{"rendered":"<p>Aviso Legal \u2013 LSSI valenshome.com es\u00a0propiedad de: Jomexa Balear Sl Residente en Felanitx \u2013 07200 \u2013 Mallorca \u2013 Islas Baleares \u2013 Espa\u00f1a CIF:\u00a0B57239386 Tel. 971582713 eMail contacto: info@efluxalia.es Informaci\u00f3n Registro: Jomexa Balear Sl \u2013 Inscrita en el registro Mercantil de Mallorca, al tomo 2020, folio 146, hoja PM-45.417, inscripcion 1\u00aa La p\u00e1gina web www.valenshome.com, as\u00ed [&hellip;]<\/p>\n","protected":false},"author":1,"featured_media":0,"parent":0,"menu_order":0,"comment_status":"closed","ping_status":"closed","template":"","meta":{"footnotes":""},"class_list":["post-565","page","type-page","status-publish","hentry"],"yoast_head":"<!-- This site is optimized with the Yoast SEO plugin v25.1 - https:\/\/yoast.com\/wordpress\/plugins\/seo\/ -->\n<title>Aviso Legal \u2013 LSSI - Valens Home<\/title>\n<meta name=\"robots\" content=\"index, follow, max-snippet:-1, max-image-preview:large, max-video-preview:-1\" \/>\n<link rel=\"canonical\" href=\"https:\/\/valenshome.com\/?page_id=565\" \/>\n<meta property=\"og:locale\" content=\"es_ES\" \/>\n<meta property=\"og:type\" content=\"article\" \/>\n<meta property=\"og:title\" content=\"Aviso Legal \u2013 LSSI - Valens Home\" \/>\n<meta property=\"og:description\" content=\"Aviso Legal \u2013 LSSI valenshome.com es\u00a0propiedad de: Jomexa Balear Sl Residente en Felanitx \u2013 07200 \u2013 Mallorca \u2013 Islas Baleares \u2013 Espa\u00f1a CIF:\u00a0B57239386 Tel. 971582713 eMail contacto: info@efluxalia.es Informaci\u00f3n Registro: Jomexa Balear Sl \u2013 Inscrita en el registro Mercantil de Mallorca, al tomo 2020, folio 146, hoja PM-45.417, inscripcion 1\u00aa La p\u00e1gina web www.valenshome.com, as\u00ed [&hellip;]\" \/>\n<meta property=\"og:url\" content=\"https:\/\/valenshome.com\/?page_id=565\" \/>\n<meta property=\"og:site_name\" content=\"Valens Home\" \/>\n<meta property=\"article:modified_time\" content=\"2018-05-11T15:16:25+00:00\" \/>\n<meta name=\"twitter:label1\" content=\"Tiempo de lectura\" \/>\n\t<meta name=\"twitter:data1\" content=\"4 minutos\" \/>\n<script type=\"application\/ld+json\" class=\"yoast-schema-graph\">{\"@context\":\"https:\/\/schema.org\",\"@graph\":[{\"@type\":\"WebPage\",\"@id\":\"https:\/\/valenshome.com\/?page_id=565\",\"url\":\"https:\/\/valenshome.com\/?page_id=565\",\"name\":\"Aviso Legal \u2013 LSSI - Valens Home\",\"isPartOf\":{\"@id\":\"https:\/\/valenshome.com\/#website\"},\"datePublished\":\"2018-05-11T15:14:58+00:00\",\"dateModified\":\"2018-05-11T15:16:25+00:00\",\"breadcrumb\":{\"@id\":\"https:\/\/valenshome.com\/?page_id=565#breadcrumb\"},\"inLanguage\":\"es\",\"potentialAction\":[{\"@type\":\"ReadAction\",\"target\":[\"https:\/\/valenshome.com\/?page_id=565\"]}]},{\"@type\":\"BreadcrumbList\",\"@id\":\"https:\/\/valenshome.com\/?page_id=565#breadcrumb\",\"itemListElement\":[{\"@type\":\"ListItem\",\"position\":1,\"name\":\"Home\",\"item\":\"https:\/\/valenshome.com\/\"},{\"@type\":\"ListItem\",\"position\":2,\"name\":\"Aviso Legal \u2013 LSSI\"}]},{\"@type\":\"WebSite\",\"@id\":\"https:\/\/valenshome.com\/#website\",\"url\":\"https:\/\/valenshome.com\/\",\"name\":\"Valens Home\",\"description\":\"Valens Home - Holiday  Rental  Spain  Mallorca  Portocolom\",\"potentialAction\":[{\"@type\":\"SearchAction\",\"target\":{\"@type\":\"EntryPoint\",\"urlTemplate\":\"https:\/\/valenshome.com\/?s={search_term_string}\"},\"query-input\":{\"@type\":\"PropertyValueSpecification\",\"valueRequired\":true,\"valueName\":\"search_term_string\"}}],\"inLanguage\":\"es\"}]}<\/script>\n<!-- \/ Yoast SEO plugin. -->","yoast_head_json":{"title":"Aviso Legal \u2013 LSSI - Valens Home","robots":{"index":"index","follow":"follow","max-snippet":"max-snippet:-1","max-image-preview":"max-image-preview:large","max-video-preview":"max-video-preview:-1"},"canonical":"https:\/\/valenshome.com\/?page_id=565","og_locale":"es_ES","og_type":"article","og_title":"Aviso Legal \u2013 LSSI - Valens Home","og_description":"Aviso Legal \u2013 LSSI valenshome.com es\u00a0propiedad de: Jomexa Balear Sl Residente en Felanitx \u2013 07200 \u2013 Mallorca \u2013 Islas Baleares \u2013 Espa\u00f1a CIF:\u00a0B57239386 Tel. 971582713 eMail contacto: info@efluxalia.es Informaci\u00f3n Registro: Jomexa Balear Sl \u2013 Inscrita en el registro Mercantil de Mallorca, al tomo 2020, folio 146, hoja PM-45.417, inscripcion 1\u00aa La p\u00e1gina web www.valenshome.com, as\u00ed [&hellip;]","og_url":"https:\/\/valenshome.com\/?page_id=565","og_site_name":"Valens Home","article_modified_time":"2018-05-11T15:16:25+00:00","twitter_misc":{"Tiempo de lectura":"4 minutos"},"schema":{"@context":"https:\/\/schema.org","@graph":[{"@type":"WebPage","@id":"https:\/\/valenshome.com\/?page_id=565","url":"https:\/\/valenshome.com\/?page_id=565","name":"Aviso Legal \u2013 LSSI - Valens Home","isPartOf":{"@id":"https:\/\/valenshome.com\/#website"},"datePublished":"2018-05-11T15:14:58+00:00","dateModified":"2018-05-11T15:16:25+00:00","breadcrumb":{"@id":"https:\/\/valenshome.com\/?page_id=565#breadcrumb"},"inLanguage":"es","potentialAction":[{"@type":"ReadAction","target":["https:\/\/valenshome.com\/?page_id=565"]}]},{"@type":"BreadcrumbList","@id":"https:\/\/valenshome.com\/?page_id=565#breadcrumb","itemListElement":[{"@type":"ListItem","position":1,"name":"Home","item":"https:\/\/valenshome.com\/"},{"@type":"ListItem","position":2,"name":"Aviso Legal \u2013 LSSI"}]},{"@type":"WebSite","@id":"https:\/\/valenshome.com\/#website","url":"https:\/\/valenshome.com\/","name":"Valens Home","description":"Valens Home - Holiday  Rental  Spain  Mallorca  Portocolom","potentialAction":[{"@type":"SearchAction","target":{"@type":"EntryPoint","urlTemplate":"https:\/\/valenshome.com\/?s={search_term_string}"},"query-input":{"@type":"PropertyValueSpecification","valueRequired":true,"valueName":"search_term_string"}}],"inLanguage":"es"}]}},"_links":{"self":[{"href":"https:\/\/valenshome.com\/index.php?rest_route=\/wp\/v2\/pages\/565","targetHints":{"allow":["GET"]}}],"collection":[{"href":"https:\/\/valenshome.com\/index.php?rest_route=\/wp\/v2\/pages"}],"about":[{"href":"https:\/\/valenshome.com\/index.php?rest_route=\/wp\/v2\/types\/page"}],"author":[{"embeddable":true,"href":"https:\/\/valenshome.com\/index.php?rest_route=\/wp\/v2\/users\/1"}],"replies":[{"embeddable":true,"href":"https:\/\/valenshome.com\/index.php?rest_route=%2Fwp%2Fv2%2Fcomments&post=565"}],"version-history":[{"count":4,"href":"https:\/\/valenshome.com\/index.php?rest_route=\/wp\/v2\/pages\/565\/revisions"}],"predecessor-version":[{"id":569,"href":"https:\/\/valenshome.com\/index.php?rest_route=\/wp\/v2\/pages\/565\/revisions\/569"}],"wp:attachment":[{"href":"https:\/\/valenshome.com\/index.php?rest_route=%2Fwp%2Fv2%2Fmedia&parent=565"}],"curies":[{"name":"wp","href":"https:\/\/api.w.org\/{rel}","templated":true}]}}