{"id":50,"date":"2014-01-23T21:51:30","date_gmt":"2014-01-23T20:51:30","guid":{"rendered":"http:\/\/valenshome.com\/?page_id=50"},"modified":"2018-05-09T18:12:26","modified_gmt":"2018-05-09T17:12:26","slug":"tarifas","status":"publish","type":"page","link":"https:\/\/valenshome.com\/?page_id=50","title":{"rendered":"Tarifas"},"content":{"rendered":"<div class=\"gtranslate_wrapper\" id=\"gt-wrapper-33357627\"><\/div>\n<p>TARIFAS A\u00d1O 2018-2019<\/p>\n<table border=\"0\" align=\"center\">\n<thead>\n<tr align=\"center\">\n<td align=\"center\">TEMPORADA<\/td>\n<td align=\"center\">PRECIO POR NOCHE<\/td>\n<td align=\"center\">ESTANCIA M\u00cdNIMA<\/td>\n<\/tr>\n<\/thead>\n<tbody>\n<tr align=\"left\">\n<td>T1 &#8211;\u00a001-07 a 31-08<\/td>\n<td align=\"right\">275\u00a0\u20ac<\/td>\n<td align=\"center\">\u00a07 noches<span style=\"color: #ff0000;\"><br \/>\n<\/span><\/td>\n<\/tr>\n<tr align=\"left\">\n<td>T2 &#8211;\u00a001-06 a 30-06 y 01-09 a 30-09<\/td>\n<td align=\"right\">\u00a0214 \u20ac<\/td>\n<td align=\"center\">\u00a07 noches<span style=\"color: #ff0000;\"><br \/>\n<\/span><\/td>\n<\/tr>\n<tr align=\"left\">\n<td>T3 &#8211;\u00a001-04 a 30-04 y 01-10 a 31-10<\/td>\n<td align=\"right\">180 \u20ac<\/td>\n<td align=\"center\">\u00a07 noches<span style=\"color: #ff0000;\"><br \/>\n<\/span><\/td>\n<\/tr>\n<tr align=\"left\">\n<td>Resto del a\u00f1o, no disponible<\/td>\n<td align=\"right\">&#8212;<\/td>\n<td align=\"center\">\u00a0&#8212;<span style=\"color: #ff0000;\"><br \/>\n<\/span><\/td>\n<\/tr>\n<tr align=\"left\">\n<td>Dep\u00f3sito por da\u00f1os reembolsable<\/td>\n<td align=\"right\">400 \u20ac<\/td>\n<td align=\"center\"><\/td>\n<\/tr>\n<tr align=\"left\">\n<td>Consumo el\u00e9ctrico<\/td>\n<td align=\"right\">0,24 \u20ac KwH<\/td>\n<td align=\"center\"><\/td>\n<\/tr>\n<\/tbody>\n<\/table>\n<p>&nbsp;<\/p>\n<table>\n<tbody>\n<tr>\n<td colspan=\"2\">Para confirmar su reserva, pedimos un anticipo del \u00a0alquiler. Salvo otro acuerdo y si ha quedado cantidad pendiente, el resto se paga antes de su llegada, por transferencia bancaria. Si la reserva se anula no se devuelve la cantidad pagada.Limpieza suplementaria a petici\u00f3n del cliente y a su cargo. Los cargos de cambio de ropa de cama, de toallas u otros servicios extras, a petici\u00f3n. Consumo el\u00e9ctrico NO incluido. Se cobrar\u00e1 0,24 \u20ac KwH consumido, el d\u00eda de la salida.<\/td>\n<\/tr>\n<tr>\n<td colspan=\"2\">El deposito se devolver\u00e1 a los clientes una vez terminada la estancia y siempre que han dejado la casa en las condiciones acordadas.<br \/>\nQueda totalmente prohibido, sin la autorizaci\u00f3n de la propiedad, sacar muebles o enseres fuera de la vivienda, as\u00ed como cambiar mobiliario de una habitaci\u00f3n a la otra.Limpieza 1 x semana, cambio de toallas 1 x semana y cambio de sabanas 1 x semana, o a petici\u00f3n del cliente, en este caso se paga a parte.<\/td>\n<\/tr>\n<\/tbody>\n<\/table>\n","protected":false},"excerpt":{"rendered":"<p>TARIFAS A\u00d1O 2018-2019 TEMPORADA PRECIO POR NOCHE ESTANCIA M\u00cdNIMA T1 &#8211;\u00a001-07 a 31-08 275\u00a0\u20ac \u00a07 noches T2 &#8211;\u00a001-06 a 30-06 y 01-09 a 30-09 \u00a0214 \u20ac \u00a07 noches T3 &#8211;\u00a001-04 a 30-04 y 01-10 a 31-10 180 \u20ac \u00a07 noches Resto del a\u00f1o, no disponible &#8212; \u00a0&#8212; Dep\u00f3sito por da\u00f1os reembolsable 400 \u20ac Consumo el\u00e9ctrico [&hellip;]<\/p>\n","protected":false},"author":1,"featured_media":0,"parent":0,"menu_order":0,"comment_status":"open","ping_status":"open","template":"","meta":{"footnotes":""},"class_list":["post-50","page","type-page","status-publish","hentry"],"yoast_head":"<!-- This site is optimized with the Yoast SEO plugin v25.1 - https:\/\/yoast.com\/wordpress\/plugins\/seo\/ -->\n<title>Tarifas - Valens Home<\/title>\n<meta name=\"robots\" content=\"index, follow, max-snippet:-1, max-image-preview:large, max-video-preview:-1\" \/>\n<link rel=\"canonical\" href=\"https:\/\/valenshome.com\/?page_id=50\" \/>\n<meta property=\"og:locale\" content=\"es_ES\" \/>\n<meta property=\"og:type\" content=\"article\" \/>\n<meta property=\"og:title\" content=\"Tarifas - Valens Home\" \/>\n<meta property=\"og:description\" content=\"TARIFAS A\u00d1O 2018-2019 TEMPORADA PRECIO POR NOCHE ESTANCIA M\u00cdNIMA T1 &#8211;\u00a001-07 a 31-08 275\u00a0\u20ac \u00a07 noches T2 &#8211;\u00a001-06 a 30-06 y 01-09 a 30-09 \u00a0214 \u20ac \u00a07 noches T3 &#8211;\u00a001-04 a 30-04 y 01-10 a 31-10 180 \u20ac \u00a07 noches Resto del a\u00f1o, no disponible &#8212; \u00a0&#8212; Dep\u00f3sito por da\u00f1os reembolsable 400 \u20ac Consumo el\u00e9ctrico [&hellip;]\" \/>\n<meta property=\"og:url\" content=\"https:\/\/valenshome.com\/?page_id=50\" \/>\n<meta property=\"og:site_name\" content=\"Valens Home\" \/>\n<meta property=\"article:modified_time\" content=\"2018-05-09T17:12:26+00:00\" \/>\n<meta name=\"twitter:label1\" content=\"Tiempo de lectura\" \/>\n\t<meta name=\"twitter:data1\" content=\"1 minuto\" \/>\n<script type=\"application\/ld+json\" class=\"yoast-schema-graph\">{\"@context\":\"https:\/\/schema.org\",\"@graph\":[{\"@type\":\"WebPage\",\"@id\":\"https:\/\/valenshome.com\/?page_id=50\",\"url\":\"https:\/\/valenshome.com\/?page_id=50\",\"name\":\"Tarifas - Valens Home\",\"isPartOf\":{\"@id\":\"https:\/\/valenshome.com\/#website\"},\"datePublished\":\"2014-01-23T20:51:30+00:00\",\"dateModified\":\"2018-05-09T17:12:26+00:00\",\"breadcrumb\":{\"@id\":\"https:\/\/valenshome.com\/?page_id=50#breadcrumb\"},\"inLanguage\":\"es\",\"potentialAction\":[{\"@type\":\"ReadAction\",\"target\":[\"https:\/\/valenshome.com\/?page_id=50\"]}]},{\"@type\":\"BreadcrumbList\",\"@id\":\"https:\/\/valenshome.com\/?page_id=50#breadcrumb\",\"itemListElement\":[{\"@type\":\"ListItem\",\"position\":1,\"name\":\"Home\",\"item\":\"https:\/\/valenshome.com\/\"},{\"@type\":\"ListItem\",\"position\":2,\"name\":\"Tarifas\"}]},{\"@type\":\"WebSite\",\"@id\":\"https:\/\/valenshome.com\/#website\",\"url\":\"https:\/\/valenshome.com\/\",\"name\":\"Valens Home\",\"description\":\"Valens Home - Holiday  Rental  Spain  Mallorca  Portocolom\",\"potentialAction\":[{\"@type\":\"SearchAction\",\"target\":{\"@type\":\"EntryPoint\",\"urlTemplate\":\"https:\/\/valenshome.com\/?s={search_term_string}\"},\"query-input\":{\"@type\":\"PropertyValueSpecification\",\"valueRequired\":true,\"valueName\":\"search_term_string\"}}],\"inLanguage\":\"es\"}]}<\/script>\n<!-- \/ Yoast SEO plugin. -->","yoast_head_json":{"title":"Tarifas - Valens Home","robots":{"index":"index","follow":"follow","max-snippet":"max-snippet:-1","max-image-preview":"max-image-preview:large","max-video-preview":"max-video-preview:-1"},"canonical":"https:\/\/valenshome.com\/?page_id=50","og_locale":"es_ES","og_type":"article","og_title":"Tarifas - Valens Home","og_description":"TARIFAS A\u00d1O 2018-2019 TEMPORADA PRECIO POR NOCHE ESTANCIA M\u00cdNIMA T1 &#8211;\u00a001-07 a 31-08 275\u00a0\u20ac \u00a07 noches T2 &#8211;\u00a001-06 a 30-06 y 01-09 a 30-09 \u00a0214 \u20ac \u00a07 noches T3 &#8211;\u00a001-04 a 30-04 y 01-10 a 31-10 180 \u20ac \u00a07 noches Resto del a\u00f1o, no disponible &#8212; \u00a0&#8212; Dep\u00f3sito por da\u00f1os reembolsable 400 \u20ac Consumo el\u00e9ctrico [&hellip;]","og_url":"https:\/\/valenshome.com\/?page_id=50","og_site_name":"Valens Home","article_modified_time":"2018-05-09T17:12:26+00:00","twitter_misc":{"Tiempo de lectura":"1 minuto"},"schema":{"@context":"https:\/\/schema.org","@graph":[{"@type":"WebPage","@id":"https:\/\/valenshome.com\/?page_id=50","url":"https:\/\/valenshome.com\/?page_id=50","name":"Tarifas - Valens Home","isPartOf":{"@id":"https:\/\/valenshome.com\/#website"},"datePublished":"2014-01-23T20:51:30+00:00","dateModified":"2018-05-09T17:12:26+00:00","breadcrumb":{"@id":"https:\/\/valenshome.com\/?page_id=50#breadcrumb"},"inLanguage":"es","potentialAction":[{"@type":"ReadAction","target":["https:\/\/valenshome.com\/?page_id=50"]}]},{"@type":"BreadcrumbList","@id":"https:\/\/valenshome.com\/?page_id=50#breadcrumb","itemListElement":[{"@type":"ListItem","position":1,"name":"Home","item":"https:\/\/valenshome.com\/"},{"@type":"ListItem","position":2,"name":"Tarifas"}]},{"@type":"WebSite","@id":"https:\/\/valenshome.com\/#website","url":"https:\/\/valenshome.com\/","name":"Valens Home","description":"Valens Home - Holiday  Rental  Spain  Mallorca  Portocolom","potentialAction":[{"@type":"SearchAction","target":{"@type":"EntryPoint","urlTemplate":"https:\/\/valenshome.com\/?s={search_term_string}"},"query-input":{"@type":"PropertyValueSpecification","valueRequired":true,"valueName":"search_term_string"}}],"inLanguage":"es"}]}},"_links":{"self":[{"href":"https:\/\/valenshome.com\/index.php?rest_route=\/wp\/v2\/pages\/50","targetHints":{"allow":["GET"]}}],"collection":[{"href":"https:\/\/valenshome.com\/index.php?rest_route=\/wp\/v2\/pages"}],"about":[{"href":"https:\/\/valenshome.com\/index.php?rest_route=\/wp\/v2\/types\/page"}],"author":[{"embeddable":true,"href":"https:\/\/valenshome.com\/index.php?rest_route=\/wp\/v2\/users\/1"}],"replies":[{"embeddable":true,"href":"https:\/\/valenshome.com\/index.php?rest_route=%2Fwp%2Fv2%2Fcomments&post=50"}],"version-history":[{"count":5,"href":"https:\/\/valenshome.com\/index.php?rest_route=\/wp\/v2\/pages\/50\/revisions"}],"predecessor-version":[{"id":535,"href":"https:\/\/valenshome.com\/index.php?rest_route=\/wp\/v2\/pages\/50\/revisions\/535"}],"wp:attachment":[{"href":"https:\/\/valenshome.com\/index.php?rest_route=%2Fwp%2Fv2%2Fmedia&parent=50"}],"curies":[{"name":"wp","href":"https:\/\/api.w.org\/{rel}","templated":true}]}}