{"id":48,"date":"2014-01-23T21:51:04","date_gmt":"2014-01-23T20:51:04","guid":{"rendered":"http:\/\/valenshome.com\/?page_id=48"},"modified":"2018-05-09T18:06:52","modified_gmt":"2018-05-09T17:06:52","slug":"servicios","status":"publish","type":"page","link":"https:\/\/valenshome.com\/?page_id=48","title":{"rendered":"Servicios"},"content":{"rendered":"<div class=\"gtranslate_wrapper\" id=\"gt-wrapper-48784701\"><\/div>\n<p>Hay \u00a0amplios jardines rodeando el chalet, con un \u00a0pino pi\u00f1onero en la entrada y un enorme pino en la parte trasera, que da sombra a las terrazas del piso superior junto con otros \u00a0\u00e1rboles aut\u00f3ctonos de Mallorca. En la zona de la piscina encontramos una palmeras y una plantaci\u00f3n de ca\u00f1a, junto a la ducha exterior. As\u00ed como una selecci\u00f3n de flores y plantas que dan una acogedora imagen de la piscina, donde podr\u00e1 relajarse y contemplar el cielo de Mallorca.<\/p>\n<p>Disponible:<\/p>\n<ul>\n<li>Televisi\u00f3n por sat\u00e9lite.<\/li>\n<li>Acceso a Internet de banda ancha<\/li>\n<li>Mesa de ping-pong<\/li>\n<li>Piraguas &#8211; (Solicitar precio del alquiler)<\/li>\n<li>Ropa de cama.<\/li>\n<li>Lavadora.<\/li>\n<li>Tabla de planchar, champ\u00fa, jab\u00f3n, jab\u00f3n de lavar.<\/li>\n<\/ul>\n<p>&nbsp;<\/p>\n","protected":false},"excerpt":{"rendered":"<p>Hay \u00a0amplios jardines rodeando el chalet, con un \u00a0pino pi\u00f1onero en la entrada y un enorme pino en la parte trasera, que da sombra a las terrazas del piso superior junto con otros \u00a0\u00e1rboles aut\u00f3ctonos de Mallorca. En la zona de la piscina encontramos una palmeras y una plantaci\u00f3n de ca\u00f1a, junto a la ducha [&hellip;]<\/p>\n","protected":false},"author":1,"featured_media":84,"parent":0,"menu_order":0,"comment_status":"open","ping_status":"open","template":"","meta":{"footnotes":""},"class_list":["post-48","page","type-page","status-publish","has-post-thumbnail","hentry"],"yoast_head":"<!-- This site is optimized with the Yoast SEO plugin v25.1 - https:\/\/yoast.com\/wordpress\/plugins\/seo\/ -->\n<title>Servicios - Valens Home<\/title>\n<meta name=\"robots\" content=\"index, follow, max-snippet:-1, max-image-preview:large, max-video-preview:-1\" \/>\n<link rel=\"canonical\" href=\"https:\/\/valenshome.com\/?page_id=48\" \/>\n<meta property=\"og:locale\" content=\"es_ES\" \/>\n<meta property=\"og:type\" content=\"article\" \/>\n<meta property=\"og:title\" content=\"Servicios - Valens Home\" \/>\n<meta property=\"og:description\" content=\"Hay \u00a0amplios jardines rodeando el chalet, con un \u00a0pino pi\u00f1onero en la entrada y un enorme pino en la parte trasera, que da sombra a las terrazas del piso superior junto con otros \u00a0\u00e1rboles aut\u00f3ctonos de Mallorca. En la zona de la piscina encontramos una palmeras y una plantaci\u00f3n de ca\u00f1a, junto a la ducha [&hellip;]\" \/>\n<meta property=\"og:url\" content=\"https:\/\/valenshome.com\/?page_id=48\" \/>\n<meta property=\"og:site_name\" content=\"Valens Home\" \/>\n<meta property=\"article:modified_time\" content=\"2018-05-09T17:06:52+00:00\" \/>\n<meta property=\"og:image\" content=\"https:\/\/valenshome.com\/wp-content\/uploads\/2014\/01\/CalaMarsal_940x220_Retocado.jpg\" \/>\n\t<meta property=\"og:image:width\" content=\"941\" \/>\n\t<meta property=\"og:image:height\" content=\"220\" \/>\n\t<meta property=\"og:image:type\" content=\"image\/jpeg\" \/>\n<meta name=\"twitter:label1\" content=\"Tiempo de lectura\" \/>\n\t<meta name=\"twitter:data1\" content=\"1 minuto\" \/>\n<script type=\"application\/ld+json\" class=\"yoast-schema-graph\">{\"@context\":\"https:\/\/schema.org\",\"@graph\":[{\"@type\":\"WebPage\",\"@id\":\"https:\/\/valenshome.com\/?page_id=48\",\"url\":\"https:\/\/valenshome.com\/?page_id=48\",\"name\":\"Servicios - Valens Home\",\"isPartOf\":{\"@id\":\"https:\/\/valenshome.com\/#website\"},\"primaryImageOfPage\":{\"@id\":\"https:\/\/valenshome.com\/?page_id=48#primaryimage\"},\"image\":{\"@id\":\"https:\/\/valenshome.com\/?page_id=48#primaryimage\"},\"thumbnailUrl\":\"https:\/\/valenshome.com\/wp-content\/uploads\/2014\/01\/CalaMarsal_940x220_Retocado.jpg\",\"datePublished\":\"2014-01-23T20:51:04+00:00\",\"dateModified\":\"2018-05-09T17:06:52+00:00\",\"breadcrumb\":{\"@id\":\"https:\/\/valenshome.com\/?page_id=48#breadcrumb\"},\"inLanguage\":\"es\",\"potentialAction\":[{\"@type\":\"ReadAction\",\"target\":[\"https:\/\/valenshome.com\/?page_id=48\"]}]},{\"@type\":\"ImageObject\",\"inLanguage\":\"es\",\"@id\":\"https:\/\/valenshome.com\/?page_id=48#primaryimage\",\"url\":\"https:\/\/valenshome.com\/wp-content\/uploads\/2014\/01\/CalaMarsal_940x220_Retocado.jpg\",\"contentUrl\":\"https:\/\/valenshome.com\/wp-content\/uploads\/2014\/01\/CalaMarsal_940x220_Retocado.jpg\",\"width\":941,\"height\":220},{\"@type\":\"BreadcrumbList\",\"@id\":\"https:\/\/valenshome.com\/?page_id=48#breadcrumb\",\"itemListElement\":[{\"@type\":\"ListItem\",\"position\":1,\"name\":\"Home\",\"item\":\"https:\/\/valenshome.com\/\"},{\"@type\":\"ListItem\",\"position\":2,\"name\":\"Servicios\"}]},{\"@type\":\"WebSite\",\"@id\":\"https:\/\/valenshome.com\/#website\",\"url\":\"https:\/\/valenshome.com\/\",\"name\":\"Valens Home\",\"description\":\"Valens Home - Holiday  Rental  Spain  Mallorca  Portocolom\",\"potentialAction\":[{\"@type\":\"SearchAction\",\"target\":{\"@type\":\"EntryPoint\",\"urlTemplate\":\"https:\/\/valenshome.com\/?s={search_term_string}\"},\"query-input\":{\"@type\":\"PropertyValueSpecification\",\"valueRequired\":true,\"valueName\":\"search_term_string\"}}],\"inLanguage\":\"es\"}]}<\/script>\n<!-- \/ Yoast SEO plugin. -->","yoast_head_json":{"title":"Servicios - Valens Home","robots":{"index":"index","follow":"follow","max-snippet":"max-snippet:-1","max-image-preview":"max-image-preview:large","max-video-preview":"max-video-preview:-1"},"canonical":"https:\/\/valenshome.com\/?page_id=48","og_locale":"es_ES","og_type":"article","og_title":"Servicios - Valens Home","og_description":"Hay \u00a0amplios jardines rodeando el chalet, con un \u00a0pino pi\u00f1onero en la entrada y un enorme pino en la parte trasera, que da sombra a las terrazas del piso superior junto con otros \u00a0\u00e1rboles aut\u00f3ctonos de Mallorca. En la zona de la piscina encontramos una palmeras y una plantaci\u00f3n de ca\u00f1a, junto a la ducha [&hellip;]","og_url":"https:\/\/valenshome.com\/?page_id=48","og_site_name":"Valens Home","article_modified_time":"2018-05-09T17:06:52+00:00","og_image":[{"width":941,"height":220,"url":"https:\/\/valenshome.com\/wp-content\/uploads\/2014\/01\/CalaMarsal_940x220_Retocado.jpg","type":"image\/jpeg"}],"twitter_misc":{"Tiempo de lectura":"1 minuto"},"schema":{"@context":"https:\/\/schema.org","@graph":[{"@type":"WebPage","@id":"https:\/\/valenshome.com\/?page_id=48","url":"https:\/\/valenshome.com\/?page_id=48","name":"Servicios - Valens Home","isPartOf":{"@id":"https:\/\/valenshome.com\/#website"},"primaryImageOfPage":{"@id":"https:\/\/valenshome.com\/?page_id=48#primaryimage"},"image":{"@id":"https:\/\/valenshome.com\/?page_id=48#primaryimage"},"thumbnailUrl":"https:\/\/valenshome.com\/wp-content\/uploads\/2014\/01\/CalaMarsal_940x220_Retocado.jpg","datePublished":"2014-01-23T20:51:04+00:00","dateModified":"2018-05-09T17:06:52+00:00","breadcrumb":{"@id":"https:\/\/valenshome.com\/?page_id=48#breadcrumb"},"inLanguage":"es","potentialAction":[{"@type":"ReadAction","target":["https:\/\/valenshome.com\/?page_id=48"]}]},{"@type":"ImageObject","inLanguage":"es","@id":"https:\/\/valenshome.com\/?page_id=48#primaryimage","url":"https:\/\/valenshome.com\/wp-content\/uploads\/2014\/01\/CalaMarsal_940x220_Retocado.jpg","contentUrl":"https:\/\/valenshome.com\/wp-content\/uploads\/2014\/01\/CalaMarsal_940x220_Retocado.jpg","width":941,"height":220},{"@type":"BreadcrumbList","@id":"https:\/\/valenshome.com\/?page_id=48#breadcrumb","itemListElement":[{"@type":"ListItem","position":1,"name":"Home","item":"https:\/\/valenshome.com\/"},{"@type":"ListItem","position":2,"name":"Servicios"}]},{"@type":"WebSite","@id":"https:\/\/valenshome.com\/#website","url":"https:\/\/valenshome.com\/","name":"Valens Home","description":"Valens Home - Holiday  Rental  Spain  Mallorca  Portocolom","potentialAction":[{"@type":"SearchAction","target":{"@type":"EntryPoint","urlTemplate":"https:\/\/valenshome.com\/?s={search_term_string}"},"query-input":{"@type":"PropertyValueSpecification","valueRequired":true,"valueName":"search_term_string"}}],"inLanguage":"es"}]}},"_links":{"self":[{"href":"https:\/\/valenshome.com\/index.php?rest_route=\/wp\/v2\/pages\/48","targetHints":{"allow":["GET"]}}],"collection":[{"href":"https:\/\/valenshome.com\/index.php?rest_route=\/wp\/v2\/pages"}],"about":[{"href":"https:\/\/valenshome.com\/index.php?rest_route=\/wp\/v2\/types\/page"}],"author":[{"embeddable":true,"href":"https:\/\/valenshome.com\/index.php?rest_route=\/wp\/v2\/users\/1"}],"replies":[{"embeddable":true,"href":"https:\/\/valenshome.com\/index.php?rest_route=%2Fwp%2Fv2%2Fcomments&post=48"}],"version-history":[{"count":5,"href":"https:\/\/valenshome.com\/index.php?rest_route=\/wp\/v2\/pages\/48\/revisions"}],"predecessor-version":[{"id":533,"href":"https:\/\/valenshome.com\/index.php?rest_route=\/wp\/v2\/pages\/48\/revisions\/533"}],"wp:featuredmedia":[{"embeddable":true,"href":"https:\/\/valenshome.com\/index.php?rest_route=\/wp\/v2\/media\/84"}],"wp:attachment":[{"href":"https:\/\/valenshome.com\/index.php?rest_route=%2Fwp%2Fv2%2Fmedia&parent=48"}],"curies":[{"name":"wp","href":"https:\/\/api.w.org\/{rel}","templated":true}]}}