{"id":44,"date":"2014-01-23T21:50:32","date_gmt":"2014-01-23T20:50:32","guid":{"rendered":"http:\/\/valenshome.com\/?page_id=44"},"modified":"2018-05-09T17:59:14","modified_gmt":"2018-05-09T16:59:14","slug":"ubicacion","status":"publish","type":"page","link":"https:\/\/valenshome.com\/?page_id=44","title":{"rendered":"Lugar"},"content":{"rendered":"<div class=\"gtranslate_wrapper\" id=\"gt-wrapper-63561202\"><\/div>\n<p>Lugar tranquilo y acogedor, con buenas playas como las de Cala Marsal, Es Riueto y S&#8217;Algar y buenos equipamientos tur\u00edsticos, su localizaci\u00f3n nos permite desplazarnos a lugares cercanos de gran inter\u00e9s, como los pueblos de S&#8217;Horta, Cas Concos o Es Carritx\u00f3, subir hasta el santuario de Sant Salvador, a 509 mts. de altitud, donde se encuentra la iglesia del mismo nombre cuya dedicaci\u00f3n se remonta al siglo XIV aunque ha sufrido sucesivas reformas y a\u00f1adidos. Desde la monta\u00f1a de Sant Salvador podemos contemplar las ruinas de uno de los m\u00e1s importantes castillos de la isla: el de Santueri. La fortaleza, a la cual se puede llegar a pie, est\u00e1 situada sobre unos precipicios a m\u00e1s de 400 mts. de altura. Seguramente ya era un lugar utilizado en \u00e9poca prehist\u00f3rica y romana, pero fueron los musulmanes quienes construyeron la fortificaci\u00f3n que despu\u00e9s fue reutilizada y ampliada y que fue testigo de importantes hechos de armas.<\/p>\n<p>&nbsp;<\/p>\n<p>&nbsp;<\/p>\n<p style=\"text-align: center;\"><a title=\"Porto Colom, un lugar de ensue\u00f1o.\" href=\"http:\/\/www.portocolom.com\/\" target=\"_blank\" rel=\"noopener\">Conozca m\u00e1s sobre Portocolom un lugar de ensue\u00f1o.<\/a><\/p>\n<p>&nbsp;<\/p>\n<p>&nbsp;<\/p>\n<p>&nbsp;<\/p>\n","protected":false},"excerpt":{"rendered":"<p>Lugar tranquilo y acogedor, con buenas playas como las de Cala Marsal, Es Riueto y S&#8217;Algar y buenos equipamientos tur\u00edsticos, su localizaci\u00f3n nos permite desplazarnos a lugares cercanos de gran inter\u00e9s, como los pueblos de S&#8217;Horta, Cas Concos o Es Carritx\u00f3, subir hasta el santuario de Sant Salvador, a 509 mts. de altitud, donde se [&hellip;]<\/p>\n","protected":false},"author":1,"featured_media":63,"parent":0,"menu_order":0,"comment_status":"open","ping_status":"open","template":"","meta":{"footnotes":""},"class_list":["post-44","page","type-page","status-publish","has-post-thumbnail","hentry"],"yoast_head":"<!-- This site is optimized with the Yoast SEO plugin v25.1 - https:\/\/yoast.com\/wordpress\/plugins\/seo\/ -->\n<title>Lugar - Valens Home<\/title>\n<meta name=\"robots\" content=\"index, follow, max-snippet:-1, max-image-preview:large, max-video-preview:-1\" \/>\n<link rel=\"canonical\" href=\"https:\/\/valenshome.com\/?page_id=44\" \/>\n<meta property=\"og:locale\" content=\"es_ES\" \/>\n<meta property=\"og:type\" content=\"article\" \/>\n<meta property=\"og:title\" content=\"Lugar - Valens Home\" \/>\n<meta property=\"og:description\" content=\"Lugar tranquilo y acogedor, con buenas playas como las de Cala Marsal, Es Riueto y S&#8217;Algar y buenos equipamientos tur\u00edsticos, su localizaci\u00f3n nos permite desplazarnos a lugares cercanos de gran inter\u00e9s, como los pueblos de S&#8217;Horta, Cas Concos o Es Carritx\u00f3, subir hasta el santuario de Sant Salvador, a 509 mts. de altitud, donde se [&hellip;]\" \/>\n<meta property=\"og:url\" content=\"https:\/\/valenshome.com\/?page_id=44\" \/>\n<meta property=\"og:site_name\" content=\"Valens Home\" \/>\n<meta property=\"article:modified_time\" content=\"2018-05-09T16:59:14+00:00\" \/>\n<meta property=\"og:image\" content=\"https:\/\/valenshome.com\/wp-content\/uploads\/2014\/01\/PortoColom_Retocado.jpg\" \/>\n\t<meta property=\"og:image:width\" content=\"940\" \/>\n\t<meta property=\"og:image:height\" content=\"220\" \/>\n\t<meta property=\"og:image:type\" content=\"image\/jpeg\" \/>\n<meta name=\"twitter:label1\" content=\"Tiempo de lectura\" \/>\n\t<meta name=\"twitter:data1\" content=\"1 minuto\" \/>\n<script type=\"application\/ld+json\" class=\"yoast-schema-graph\">{\"@context\":\"https:\/\/schema.org\",\"@graph\":[{\"@type\":\"WebPage\",\"@id\":\"https:\/\/valenshome.com\/?page_id=44\",\"url\":\"https:\/\/valenshome.com\/?page_id=44\",\"name\":\"Lugar - Valens Home\",\"isPartOf\":{\"@id\":\"https:\/\/valenshome.com\/#website\"},\"primaryImageOfPage\":{\"@id\":\"https:\/\/valenshome.com\/?page_id=44#primaryimage\"},\"image\":{\"@id\":\"https:\/\/valenshome.com\/?page_id=44#primaryimage\"},\"thumbnailUrl\":\"https:\/\/valenshome.com\/wp-content\/uploads\/2014\/01\/PortoColom_Retocado.jpg\",\"datePublished\":\"2014-01-23T20:50:32+00:00\",\"dateModified\":\"2018-05-09T16:59:14+00:00\",\"breadcrumb\":{\"@id\":\"https:\/\/valenshome.com\/?page_id=44#breadcrumb\"},\"inLanguage\":\"es\",\"potentialAction\":[{\"@type\":\"ReadAction\",\"target\":[\"https:\/\/valenshome.com\/?page_id=44\"]}]},{\"@type\":\"ImageObject\",\"inLanguage\":\"es\",\"@id\":\"https:\/\/valenshome.com\/?page_id=44#primaryimage\",\"url\":\"https:\/\/valenshome.com\/wp-content\/uploads\/2014\/01\/PortoColom_Retocado.jpg\",\"contentUrl\":\"https:\/\/valenshome.com\/wp-content\/uploads\/2014\/01\/PortoColom_Retocado.jpg\",\"width\":940,\"height\":220,\"caption\":\"Vista de Portocolom\"},{\"@type\":\"BreadcrumbList\",\"@id\":\"https:\/\/valenshome.com\/?page_id=44#breadcrumb\",\"itemListElement\":[{\"@type\":\"ListItem\",\"position\":1,\"name\":\"Home\",\"item\":\"https:\/\/valenshome.com\/\"},{\"@type\":\"ListItem\",\"position\":2,\"name\":\"Lugar\"}]},{\"@type\":\"WebSite\",\"@id\":\"https:\/\/valenshome.com\/#website\",\"url\":\"https:\/\/valenshome.com\/\",\"name\":\"Valens Home\",\"description\":\"Valens Home - Holiday  Rental  Spain  Mallorca  Portocolom\",\"potentialAction\":[{\"@type\":\"SearchAction\",\"target\":{\"@type\":\"EntryPoint\",\"urlTemplate\":\"https:\/\/valenshome.com\/?s={search_term_string}\"},\"query-input\":{\"@type\":\"PropertyValueSpecification\",\"valueRequired\":true,\"valueName\":\"search_term_string\"}}],\"inLanguage\":\"es\"}]}<\/script>\n<!-- \/ Yoast SEO plugin. -->","yoast_head_json":{"title":"Lugar - Valens Home","robots":{"index":"index","follow":"follow","max-snippet":"max-snippet:-1","max-image-preview":"max-image-preview:large","max-video-preview":"max-video-preview:-1"},"canonical":"https:\/\/valenshome.com\/?page_id=44","og_locale":"es_ES","og_type":"article","og_title":"Lugar - Valens Home","og_description":"Lugar tranquilo y acogedor, con buenas playas como las de Cala Marsal, Es Riueto y S&#8217;Algar y buenos equipamientos tur\u00edsticos, su localizaci\u00f3n nos permite desplazarnos a lugares cercanos de gran inter\u00e9s, como los pueblos de S&#8217;Horta, Cas Concos o Es Carritx\u00f3, subir hasta el santuario de Sant Salvador, a 509 mts. de altitud, donde se [&hellip;]","og_url":"https:\/\/valenshome.com\/?page_id=44","og_site_name":"Valens Home","article_modified_time":"2018-05-09T16:59:14+00:00","og_image":[{"width":940,"height":220,"url":"https:\/\/valenshome.com\/wp-content\/uploads\/2014\/01\/PortoColom_Retocado.jpg","type":"image\/jpeg"}],"twitter_misc":{"Tiempo de lectura":"1 minuto"},"schema":{"@context":"https:\/\/schema.org","@graph":[{"@type":"WebPage","@id":"https:\/\/valenshome.com\/?page_id=44","url":"https:\/\/valenshome.com\/?page_id=44","name":"Lugar - Valens Home","isPartOf":{"@id":"https:\/\/valenshome.com\/#website"},"primaryImageOfPage":{"@id":"https:\/\/valenshome.com\/?page_id=44#primaryimage"},"image":{"@id":"https:\/\/valenshome.com\/?page_id=44#primaryimage"},"thumbnailUrl":"https:\/\/valenshome.com\/wp-content\/uploads\/2014\/01\/PortoColom_Retocado.jpg","datePublished":"2014-01-23T20:50:32+00:00","dateModified":"2018-05-09T16:59:14+00:00","breadcrumb":{"@id":"https:\/\/valenshome.com\/?page_id=44#breadcrumb"},"inLanguage":"es","potentialAction":[{"@type":"ReadAction","target":["https:\/\/valenshome.com\/?page_id=44"]}]},{"@type":"ImageObject","inLanguage":"es","@id":"https:\/\/valenshome.com\/?page_id=44#primaryimage","url":"https:\/\/valenshome.com\/wp-content\/uploads\/2014\/01\/PortoColom_Retocado.jpg","contentUrl":"https:\/\/valenshome.com\/wp-content\/uploads\/2014\/01\/PortoColom_Retocado.jpg","width":940,"height":220,"caption":"Vista de Portocolom"},{"@type":"BreadcrumbList","@id":"https:\/\/valenshome.com\/?page_id=44#breadcrumb","itemListElement":[{"@type":"ListItem","position":1,"name":"Home","item":"https:\/\/valenshome.com\/"},{"@type":"ListItem","position":2,"name":"Lugar"}]},{"@type":"WebSite","@id":"https:\/\/valenshome.com\/#website","url":"https:\/\/valenshome.com\/","name":"Valens Home","description":"Valens Home - Holiday  Rental  Spain  Mallorca  Portocolom","potentialAction":[{"@type":"SearchAction","target":{"@type":"EntryPoint","urlTemplate":"https:\/\/valenshome.com\/?s={search_term_string}"},"query-input":{"@type":"PropertyValueSpecification","valueRequired":true,"valueName":"search_term_string"}}],"inLanguage":"es"}]}},"_links":{"self":[{"href":"https:\/\/valenshome.com\/index.php?rest_route=\/wp\/v2\/pages\/44","targetHints":{"allow":["GET"]}}],"collection":[{"href":"https:\/\/valenshome.com\/index.php?rest_route=\/wp\/v2\/pages"}],"about":[{"href":"https:\/\/valenshome.com\/index.php?rest_route=\/wp\/v2\/types\/page"}],"author":[{"embeddable":true,"href":"https:\/\/valenshome.com\/index.php?rest_route=\/wp\/v2\/users\/1"}],"replies":[{"embeddable":true,"href":"https:\/\/valenshome.com\/index.php?rest_route=%2Fwp%2Fv2%2Fcomments&post=44"}],"version-history":[{"count":5,"href":"https:\/\/valenshome.com\/index.php?rest_route=\/wp\/v2\/pages\/44\/revisions"}],"predecessor-version":[{"id":532,"href":"https:\/\/valenshome.com\/index.php?rest_route=\/wp\/v2\/pages\/44\/revisions\/532"}],"wp:featuredmedia":[{"embeddable":true,"href":"https:\/\/valenshome.com\/index.php?rest_route=\/wp\/v2\/media\/63"}],"wp:attachment":[{"href":"https:\/\/valenshome.com\/index.php?rest_route=%2Fwp%2Fv2%2Fmedia&parent=44"}],"curies":[{"name":"wp","href":"https:\/\/api.w.org\/{rel}","templated":true}]}}