{"id":16,"date":"2014-01-16T04:09:20","date_gmt":"2014-01-16T04:09:20","guid":{"rendered":"http:\/\/valenshome.com\/?page_id=16"},"modified":"2018-05-09T12:18:08","modified_gmt":"2018-05-09T11:18:08","slug":"home","status":"publish","type":"page","link":"https:\/\/valenshome.com\/?page_id=16","title":{"rendered":"Home"},"content":{"rendered":"<div class=\"gtranslate_wrapper\" id=\"gt-wrapper-84776400\"><\/div>\n<p style=\"text-align: left;\"><a title=\"Valens Home\" href=\"https:\/\/valenshome.com\">Ses Sivines<\/a>, es el chalet estilo Mallorqu\u00edn que estaba buscando, para pasar su mejores vacaciones en Mallorca, con la autorizaci\u00f3n legal de comercializaci\u00f3n tur\u00edstica en les Illes Balears,\u00a0 con numero ET\/3549. Cuenta con tres habitaciones para seis personas, dos ba\u00f1os y un amplio sal\u00f3n. El chalet est\u00e1 ubicado en un solar de ochocientos metros cuadrados, con una magnifica piscina privada de diez metros de largo por cinco metros de ancho y un gran porche con barbacoa que cuenta con una despensa y un aseo, donde podr\u00e1 pasar un agradable momento en compa\u00f1\u00eda de los suyos y realizar unas magnificas comidas tanto de d\u00eda como de noche. Todo rodeado por amplios jardines y terrazas. Si le gusta el tenis de mesa, tambi\u00e9n podr\u00e1 disfrutar de una entretenida partida. El chalet est\u00e1\u00a0en un sitio privilegiado, a unos metros pocos metros del mar \u00a0y \u00a0muy cerca de una de las playas de Portocolom, llamada Cala Mar\u00e7al. A diez minutos caminando tiene a su disposici\u00f3n, restaurantes, bares \u00a0y tiendas donde podr\u00e1 efectuar sus compras. Podr\u00e1 realizar largos paseos andando o en bicicleta por uno de los puertos m\u00e1s bonitos \u00a0de Mallorca y si se anima, podr\u00e1 dar una vuelta por el mar en una de nuestras piraguas, <a title=\"Portocolom\" href=\"http:\/\/http:\/\/www.portocolom.com\/\" target=\"_blank\" rel=\"noopener\">Portocolom<\/a>. En Portocolom encontrar\u00e1 Es Riuet\u00f3, que es uno de los lugares m\u00e1s pintorescos y\u00a0\u00a0que todav\u00eda conserva su encanto marinero y su aire tradicional de anta\u00f1o. Emblema de Portocolom es su Faro, uno de los s\u00edmbolos que lo identifica.<\/p>\n","protected":false},"excerpt":{"rendered":"<p>Ses Sivines, es el chalet estilo Mallorqu\u00edn que estaba buscando, para pasar su mejores vacaciones en Mallorca, con la autorizaci\u00f3n legal de comercializaci\u00f3n tur\u00edstica en les Illes Balears,\u00a0 con numero ET\/3549. Cuenta con tres habitaciones para seis personas, dos ba\u00f1os y un amplio sal\u00f3n. El chalet est\u00e1 ubicado en un solar de ochocientos metros cuadrados, [&hellip;]<\/p>\n","protected":false},"author":1,"featured_media":63,"parent":0,"menu_order":0,"comment_status":"open","ping_status":"open","template":"","meta":{"footnotes":""},"class_list":["post-16","page","type-page","status-publish","has-post-thumbnail","hentry"],"yoast_head":"<!-- This site is optimized with the Yoast SEO plugin v25.1 - https:\/\/yoast.com\/wordpress\/plugins\/seo\/ -->\n<title>Holiday rental in Mallorca - Portocolom<\/title>\n<meta name=\"description\" content=\"Holiday rental in Spain - Mallorca - Portocolom. Estupendo chale con piscina y barbacoa en Portocolom. Zona tranquila y familiar\" \/>\n<meta name=\"robots\" content=\"index, follow, max-snippet:-1, max-image-preview:large, max-video-preview:-1\" \/>\n<link rel=\"canonical\" href=\"https:\/\/valenshome.com\/?page_id=16\" \/>\n<meta property=\"og:locale\" content=\"es_ES\" \/>\n<meta property=\"og:type\" content=\"article\" \/>\n<meta property=\"og:title\" content=\"Holiday rental in Mallorca - Portocolom\" \/>\n<meta property=\"og:description\" content=\"Holiday rental in Spain - Mallorca - Portocolom. Estupendo chale con piscina y barbacoa en Portocolom. Zona tranquila y familiar\" \/>\n<meta property=\"og:url\" content=\"https:\/\/valenshome.com\/?page_id=16\" \/>\n<meta property=\"og:site_name\" content=\"Valens Home\" \/>\n<meta property=\"article:modified_time\" content=\"2018-05-09T11:18:08+00:00\" \/>\n<meta property=\"og:image\" content=\"https:\/\/valenshome.com\/wp-content\/uploads\/2014\/01\/PortoColom_Retocado.jpg\" \/>\n\t<meta property=\"og:image:width\" content=\"940\" \/>\n\t<meta property=\"og:image:height\" content=\"220\" \/>\n\t<meta property=\"og:image:type\" content=\"image\/jpeg\" \/>\n<meta name=\"twitter:label1\" content=\"Tiempo de lectura\" \/>\n\t<meta name=\"twitter:data1\" content=\"1 minuto\" \/>\n<script type=\"application\/ld+json\" class=\"yoast-schema-graph\">{\"@context\":\"https:\/\/schema.org\",\"@graph\":[{\"@type\":\"WebPage\",\"@id\":\"https:\/\/valenshome.com\/?page_id=16\",\"url\":\"https:\/\/valenshome.com\/?page_id=16\",\"name\":\"Holiday rental in Mallorca - Portocolom\",\"isPartOf\":{\"@id\":\"https:\/\/valenshome.com\/#website\"},\"primaryImageOfPage\":{\"@id\":\"https:\/\/valenshome.com\/?page_id=16#primaryimage\"},\"image\":{\"@id\":\"https:\/\/valenshome.com\/?page_id=16#primaryimage\"},\"thumbnailUrl\":\"https:\/\/valenshome.com\/wp-content\/uploads\/2014\/01\/PortoColom_Retocado.jpg\",\"datePublished\":\"2014-01-16T04:09:20+00:00\",\"dateModified\":\"2018-05-09T11:18:08+00:00\",\"description\":\"Holiday rental in Spain - Mallorca - Portocolom. Estupendo chale con piscina y barbacoa en Portocolom. Zona tranquila y familiar\",\"breadcrumb\":{\"@id\":\"https:\/\/valenshome.com\/?page_id=16#breadcrumb\"},\"inLanguage\":\"es\",\"potentialAction\":[{\"@type\":\"ReadAction\",\"target\":[\"https:\/\/valenshome.com\/?page_id=16\"]}]},{\"@type\":\"ImageObject\",\"inLanguage\":\"es\",\"@id\":\"https:\/\/valenshome.com\/?page_id=16#primaryimage\",\"url\":\"https:\/\/valenshome.com\/wp-content\/uploads\/2014\/01\/PortoColom_Retocado.jpg\",\"contentUrl\":\"https:\/\/valenshome.com\/wp-content\/uploads\/2014\/01\/PortoColom_Retocado.jpg\",\"width\":940,\"height\":220,\"caption\":\"Vista de Portocolom\"},{\"@type\":\"BreadcrumbList\",\"@id\":\"https:\/\/valenshome.com\/?page_id=16#breadcrumb\",\"itemListElement\":[{\"@type\":\"ListItem\",\"position\":1,\"name\":\"Home\",\"item\":\"https:\/\/valenshome.com\/\"},{\"@type\":\"ListItem\",\"position\":2,\"name\":\"Home\"}]},{\"@type\":\"WebSite\",\"@id\":\"https:\/\/valenshome.com\/#website\",\"url\":\"https:\/\/valenshome.com\/\",\"name\":\"Valens Home\",\"description\":\"Valens Home - Holiday  Rental  Spain  Mallorca  Portocolom\",\"potentialAction\":[{\"@type\":\"SearchAction\",\"target\":{\"@type\":\"EntryPoint\",\"urlTemplate\":\"https:\/\/valenshome.com\/?s={search_term_string}\"},\"query-input\":{\"@type\":\"PropertyValueSpecification\",\"valueRequired\":true,\"valueName\":\"search_term_string\"}}],\"inLanguage\":\"es\"}]}<\/script>\n<!-- \/ Yoast SEO plugin. -->","yoast_head_json":{"title":"Holiday rental in Mallorca - Portocolom","description":"Holiday rental in Spain - Mallorca - Portocolom. Estupendo chale con piscina y barbacoa en Portocolom. Zona tranquila y familiar","robots":{"index":"index","follow":"follow","max-snippet":"max-snippet:-1","max-image-preview":"max-image-preview:large","max-video-preview":"max-video-preview:-1"},"canonical":"https:\/\/valenshome.com\/?page_id=16","og_locale":"es_ES","og_type":"article","og_title":"Holiday rental in Mallorca - Portocolom","og_description":"Holiday rental in Spain - Mallorca - Portocolom. Estupendo chale con piscina y barbacoa en Portocolom. Zona tranquila y familiar","og_url":"https:\/\/valenshome.com\/?page_id=16","og_site_name":"Valens Home","article_modified_time":"2018-05-09T11:18:08+00:00","og_image":[{"width":940,"height":220,"url":"https:\/\/valenshome.com\/wp-content\/uploads\/2014\/01\/PortoColom_Retocado.jpg","type":"image\/jpeg"}],"twitter_misc":{"Tiempo de lectura":"1 minuto"},"schema":{"@context":"https:\/\/schema.org","@graph":[{"@type":"WebPage","@id":"https:\/\/valenshome.com\/?page_id=16","url":"https:\/\/valenshome.com\/?page_id=16","name":"Holiday rental in Mallorca - Portocolom","isPartOf":{"@id":"https:\/\/valenshome.com\/#website"},"primaryImageOfPage":{"@id":"https:\/\/valenshome.com\/?page_id=16#primaryimage"},"image":{"@id":"https:\/\/valenshome.com\/?page_id=16#primaryimage"},"thumbnailUrl":"https:\/\/valenshome.com\/wp-content\/uploads\/2014\/01\/PortoColom_Retocado.jpg","datePublished":"2014-01-16T04:09:20+00:00","dateModified":"2018-05-09T11:18:08+00:00","description":"Holiday rental in Spain - Mallorca - Portocolom. Estupendo chale con piscina y barbacoa en Portocolom. Zona tranquila y familiar","breadcrumb":{"@id":"https:\/\/valenshome.com\/?page_id=16#breadcrumb"},"inLanguage":"es","potentialAction":[{"@type":"ReadAction","target":["https:\/\/valenshome.com\/?page_id=16"]}]},{"@type":"ImageObject","inLanguage":"es","@id":"https:\/\/valenshome.com\/?page_id=16#primaryimage","url":"https:\/\/valenshome.com\/wp-content\/uploads\/2014\/01\/PortoColom_Retocado.jpg","contentUrl":"https:\/\/valenshome.com\/wp-content\/uploads\/2014\/01\/PortoColom_Retocado.jpg","width":940,"height":220,"caption":"Vista de Portocolom"},{"@type":"BreadcrumbList","@id":"https:\/\/valenshome.com\/?page_id=16#breadcrumb","itemListElement":[{"@type":"ListItem","position":1,"name":"Home","item":"https:\/\/valenshome.com\/"},{"@type":"ListItem","position":2,"name":"Home"}]},{"@type":"WebSite","@id":"https:\/\/valenshome.com\/#website","url":"https:\/\/valenshome.com\/","name":"Valens Home","description":"Valens Home - Holiday  Rental  Spain  Mallorca  Portocolom","potentialAction":[{"@type":"SearchAction","target":{"@type":"EntryPoint","urlTemplate":"https:\/\/valenshome.com\/?s={search_term_string}"},"query-input":{"@type":"PropertyValueSpecification","valueRequired":true,"valueName":"search_term_string"}}],"inLanguage":"es"}]}},"_links":{"self":[{"href":"https:\/\/valenshome.com\/index.php?rest_route=\/wp\/v2\/pages\/16","targetHints":{"allow":["GET"]}}],"collection":[{"href":"https:\/\/valenshome.com\/index.php?rest_route=\/wp\/v2\/pages"}],"about":[{"href":"https:\/\/valenshome.com\/index.php?rest_route=\/wp\/v2\/types\/page"}],"author":[{"embeddable":true,"href":"https:\/\/valenshome.com\/index.php?rest_route=\/wp\/v2\/users\/1"}],"replies":[{"embeddable":true,"href":"https:\/\/valenshome.com\/index.php?rest_route=%2Fwp%2Fv2%2Fcomments&post=16"}],"version-history":[{"count":4,"href":"https:\/\/valenshome.com\/index.php?rest_route=\/wp\/v2\/pages\/16\/revisions"}],"predecessor-version":[{"id":502,"href":"https:\/\/valenshome.com\/index.php?rest_route=\/wp\/v2\/pages\/16\/revisions\/502"}],"wp:featuredmedia":[{"embeddable":true,"href":"https:\/\/valenshome.com\/index.php?rest_route=\/wp\/v2\/media\/63"}],"wp:attachment":[{"href":"https:\/\/valenshome.com\/index.php?rest_route=%2Fwp%2Fv2%2Fmedia&parent=16"}],"curies":[{"name":"wp","href":"https:\/\/api.w.org\/{rel}","templated":true}]}}